{"id":7,"date":"2025-02-25T07:57:29","date_gmt":"2025-02-25T07:57:29","guid":{"rendered":"https:\/\/surduk.rs\/?page_id=7"},"modified":"2025-05-26T07:02:08","modified_gmt":"2025-05-26T07:02:08","slug":"7-2","status":"publish","type":"page","link":"https:\/\/surduk.rs\/","title":{"rendered":"Po\u010detna"},"content":{"rendered":"<p>[et_pb_section fb_built=&#8221;1&#8243; admin_label=&#8221;Header&#8221; _builder_version=&#8221;4.27.4&#8243; _module_preset=&#8221;ecdd0370-5924-4327-901c-c407dd278087&#8243; background_color=&#8221;gcid-2352d280-fe84-43b1-a71e-f400c35a526a&#8221; background_color_gradient_stops=&#8221;gcid-d119accd-44d7-4f2f-b9d7-599c8463324b 0%|rgba(255,255,255,0) 25%|rgba(7,33,48,0.6) 76%|#072130 100%&#8221; background_image=&#8221;https:\/\/surduk.rs\/wp-content\/uploads\/2025\/03\/SurdukAir.jpg&#8221; background_enable_image=&#8221;on&#8221; custom_margin=&#8221;||-1px||false|false&#8221; hover_enabled=&#8221;0&#8243; locked=&#8221;off&#8221; collapsed=&#8221;on&#8221; global_colors_info=&#8221;{%22gcid-1f1bf5fb-a99d-4acc-8d9e-ddac074c158c%22:%91%22background_color_gradient_stops%22,%22background_color_gradient_stops%22%93,%22gcid-4c79ba3d-a281-4fb6-9b14-02f9a4c793f2%22:%91%22background_color_gradient_stops%22,%22background_color_gradient_stops%22%93,%22gcid-688c464a-d6f2-4296-b592-395352c71c79%22:%91%22background_color_gradient_stops%22,%22background_color_gradient_stops%22%93,%22gcid-d119accd-44d7-4f2f-b9d7-599c8463324b%22:%91%22background_color_gradient_stops%22,%22background_color_gradient_stops%22%93,%22gcid-2352d280-fe84-43b1-a71e-f400c35a526a%22:%91%22background_color%22%93}&#8221; sticky_enabled=&#8221;0&#8243;][et_pb_row _builder_version=&#8221;4.27.4&#8243; _module_preset=&#8221;default&#8221; hover_enabled=&#8221;0&#8243; global_colors_info=&#8221;{}&#8221; sticky_enabled=&#8221;0&#8243;][et_pb_column type=&#8221;4_4&#8243; _builder_version=&#8221;4.25.1&#8243; _module_preset=&#8221;default&#8221; hover_enabled=&#8221;0&#8243; global_colors_info=&#8221;{}&#8221; sticky_enabled=&#8221;0&#8243;][et_pb_heading title=&#8221;EKOLO\u0160KO RIBOLOVA\u010cKA REVOLUCIJA PODUNAVLJA&#8221; _builder_version=&#8221;4.27.4&#8243; _module_preset=&#8221;6d59027b-8010-42eb-81b9-9708ebd190e0&#8243; title_text_align=&#8221;center&#8221; custom_margin=&#8221;||10px||false|false&#8221; hover_enabled=&#8221;0&#8243; text_shadow_style=&#8221;preset3&#8243; text_shadow_color=&#8221;#FFFFFF&#8221; global_colors_info=&#8221;{}&#8221; text_shadow_horizontal_length=&#8221;-0.01em&#8221; text_shadow_vertical_length=&#8221;0.01em&#8221; text_shadow_blur_strength=&#8221;0.9em&#8221; title_text_shadow_style=&#8221;preset3&#8243; title_text_shadow_color=&#8221;#FFFFFF&#8221; sticky_enabled=&#8221;0&#8243; width=&#8221;100%&#8221; module_alignment=&#8221;center&#8221; title_text_color=&#8221;#FFFFFF&#8221;][\/et_pb_heading][et_pb_button button_text=&#8221;PRIDRU\u017dI SE I TI&#8221; button_alignment=&#8221;center&#8221; _builder_version=&#8221;4.27.4&#8243; _module_preset=&#8221;5d6c28ca-eb08-4986-8476-255b06f9550b&#8221; hover_enabled=&#8221;0&#8243; locked=&#8221;off&#8221; global_colors_info=&#8221;{}&#8221; button_url=&#8221;https:\/\/surduk.rs\/?page_id=41&#8243; sticky_enabled=&#8221;0&#8243; button_bg_color=&#8221;#0C71C3&#8243;][\/et_pb_button][et_pb_image src=&#8221;https:\/\/surduk.rs\/wp-content\/uploads\/2025\/05\/Instagram_icon.png-1.webp&#8221; title_text=&#8221;Instagram_icon.png&#8221; url=&#8221;https:\/\/www.instagram.com\/zemlja_vazduh_voda_vatra\/#&#8221; _builder_version=&#8221;4.27.4&#8243; _module_preset=&#8221;default&#8221; width=&#8221;13%&#8221; module_alignment=&#8221;center&#8221; global_colors_info=&#8221;{}&#8221;][\/et_pb_image][\/et_pb_column][\/et_pb_row][\/et_pb_section][et_pb_section fb_built=&#8221;1&#8243; admin_label=&#8221;About&#8221; _builder_version=&#8221;4.25.2&#8243; _module_preset=&#8221;8e51da5c-29c2-4904-939b-ee1847276091&#8243; custom_margin=&#8221;||||false&#8221; custom_padding=&#8221;||||true|false&#8221; locked=&#8221;off&#8221; collapsed=&#8221;on&#8221; global_colors_info=&#8221;{%22gcid-2352d280-fe84-43b1-a71e-f400c35a526a%22:%91%22background_color%22%93}&#8221;][et_pb_row _builder_version=&#8221;4.25.2&#8243; _module_preset=&#8221;default&#8221; max_width=&#8221;900px&#8221; global_colors_info=&#8221;{}&#8221;][et_pb_column type=&#8221;4_4&#8243; _builder_version=&#8221;4.25.1&#8243; _module_preset=&#8221;default&#8221; global_colors_info=&#8221;{}&#8221;][et_pb_heading title=&#8221;za\u0161to surduk.rs&#8221; _builder_version=&#8221;4.27.4&#8243; _module_preset=&#8221;ecd9a99d-dcad-40e0-a048-1b035d35152d&#8221; title_text_align=&#8221;center&#8221; title_text_color=&#8221;gcid-4c79ba3d-a281-4fb6-9b14-02f9a4c793f2&#8243; global_colors_info=&#8221;{%22gcid-4c79ba3d-a281-4fb6-9b14-02f9a4c793f2%22:%91%22title_text_color%22%93}&#8221;][\/et_pb_heading][et_pb_heading title=&#8221;\u010ci\u0161\u0107enje obala spre\u010dava zaga\u0111enje vode i \u0161titi biljni i \u017eivotinjski svet od otpada i toksi\u010dnih materija. Time se pobolj\u0161ava kvalitet \u017eivota lokalnih zajednica i omogu\u0107ava bezbednije okru\u017eenje za rekreaciju. Ova akcija podsti\u010de ekolo\u0161ku svest i odgovornost prema prirodi.&#8221; _builder_version=&#8221;4.27.4&#8243; _module_preset=&#8221;0df4ec2c-77ef-4944-9527-5eb8f406c900&#8243; title_text_align=&#8221;center&#8221; title_text_color=&#8221;#FFFFFF&#8221; global_colors_info=&#8221;{}&#8221;][\/et_pb_heading][\/et_pb_column][\/et_pb_row][\/et_pb_section][et_pb_section fb_built=&#8221;1&#8243; admin_label=&#8221;Programs&#8221; _builder_version=&#8221;4.25.1&#8243; _module_preset=&#8221;c15a176d-b996-47e4-a34f-ddad221fd845&#8243; locked=&#8221;off&#8221; collapsed=&#8221;on&#8221; global_colors_info=&#8221;{}&#8221;][et_pb_row _builder_version=&#8221;4.25.1&#8243; _module_preset=&#8221;default&#8221; global_colors_info=&#8221;{}&#8221;][et_pb_column type=&#8221;4_4&#8243; _builder_version=&#8221;4.25.1&#8243; _module_preset=&#8221;default&#8221; global_colors_info=&#8221;{}&#8221;][et_pb_heading title=&#8221;Obra\u0107anje osniva\u010da&#8221; _builder_version=&#8221;4.27.4&#8243; _module_preset=&#8221;9d0f7853-e528-4efe-bc6e-202a3649327a&#8221; title_text_align=&#8221;center&#8221; global_colors_info=&#8221;{}&#8221;][\/et_pb_heading][et_pb_text _builder_version=&#8221;4.27.4&#8243; _module_preset=&#8221;default&#8221; text_font_size=&#8221;15px&#8221; global_colors_info=&#8221;{}&#8221;]<\/p>\n<div dir=\"auto\" style=\"text-align: justify;\"><span>Dugo sam razmi\u0161ljao da li da po\u010dnem da se ozbiljno bavim aktivizmom za\u0161tite obale Dunava Surduka.\u00a0 Svedoci smo da priroda sama ne mo\u017ee da se odbrani od ljudi koji svakodnevno nanose \u0161tetu kako obali Dunava tako i samom Dunavu.\u00a0 Za\u0161titimo na\u0161e Dunavsko dvori\u0161te.<\/span><\/div>\n<div dir=\"auto\" style=\"text-align: justify;\"><\/div>\n<div dir=\"auto\" style=\"text-align: justify;\"><span>Kap koja je prelila \u010da\u0161u da odlu\u010dim i da na prvo mesto stavim aktivizam je ljudski primitivizam.<\/span><\/div>\n<div dir=\"auto\" style=\"text-align: justify;\"><\/div>\n<div dir=\"auto\" style=\"text-align: justify;\">Primitivci obalu Dunava vide kao deponiju, i tome se mora stati na put \u0161to pre je mogu\u0107e.<\/div>\n<div dir=\"auto\" style=\"text-align: justify;\"><\/div>\n<div dir=\"auto\" style=\"text-align: justify;\"><strong>OVO SU GORU\u0106I PROBLEMI OBALE \u00a0i NJIHOVA RE\u0160ENJA KOJA BI SPROVELI KROZ INICIJATIVU<\/strong><\/div>\n<div dir=\"auto\" style=\"text-align: justify;\">______________________________<wbr \/>____________<\/div>\n<div dir=\"auto\" style=\"text-align: justify;\"><\/div>\n<div dir=\"auto\" style=\"text-align: justify;\">\n<div>\n<div dir=\"auto\">\u2022PRVI problem su la\u017eni ljubitelji reke i prirode, dodje na pecanje, ro\u0161tiljane i ostavi sme\u0107e za sobom da Dunav odnese i razvuku \u017eivotinje.<\/div>\n<div dir=\"auto\"><\/div>\n<div dir=\"auto\">\n<div dir=\"auto\"><span>RE\u0160ENJE ZA PRVI PROBLEM JE VR\u0160ENJE PRITISKA NA INSTITUCIJE DA NA DUNAV SPUSTE KONTEJNERE DA MO\u017dE DA SE BACA SME\u0106E DA NE BI OSTAVLJALI ZA SOBOM. KADA BI IMALI KANTE, MO\u017dDA BI I BACALI U NJIH.<\/span><\/div>\n<div dir=\"auto\"><span>______________________________<wbr \/>___________<\/span><\/div>\n<\/div>\n<\/div>\n<\/div>\n<div dir=\"auto\" style=\"text-align: justify;\">\u2022DRUGI problem je natovare sme\u0107e u prikolicu , spuste se na Dunav i to istovare na obalu kao na deponiju.<\/div>\n<div dir=\"auto\" style=\"text-align: justify;\"><\/div>\n<div dir=\"auto\" style=\"text-align: justify;\">\n<div>\n<div dir=\"auto\">RE\u0160ENJE ZA DRUGI PROBLEM JE IZRADA EKOLO\u0160KIH TABLI \u00a0DA SE SME\u0106E NE BACA, NEGO POKUPI ZA SOBOM I BACI U KANTU<\/div>\n<div dir=\"auto\"><\/div>\n<div dir=\"auto\">TAKO\u0110E VR\u0160ITI PRITISAK NA INSTITUCIJE DA UKLONE \u0160UT SA OBALE DUNAVA DA NE MOTIVI\u0160E LJUDE DA BACAJU TU \u0160TA STIGNU.<\/div>\n<div dir=\"auto\">______________________________<wbr \/>___________<\/div>\n<\/div>\n<\/div>\n<div dir=\"auto\" style=\"text-align: justify;\">\u2022TRE\u0106I broblem su vikenda\u0161i koji \u017eive na bregu, oni sme\u0107e bacaju sa brega na obalu Dunava i kada li\u0161\u010de opadne ispred skoro svake ku\u0107e je deponija<\/div>\n<div dir=\"auto\" style=\"text-align: justify;\"><\/div>\n<div dir=\"auto\" style=\"text-align: justify;\"><span>RE\u0160ENJE ZA TRE\u0106I PROBLEM JE SNIMAK IZ DRONA CELE OBALE DUNAVA SURDUK, SAM BREG I DEPONIJE KOJE SU NAPRAVILI ISPRED KU\u0106A, POPISATI I UZ PRITISAK INSTITUCIJA DA SE PO\u010cINIOCI KAZNE I PO\u010cISTE ISPRED KU\u0106A.<\/span><\/div>\n<div dir=\"auto\" style=\"text-align: justify;\"><\/div>\n<div dir=\"auto\" style=\"text-align: justify;\">______________________________<wbr \/>___________<\/div>\n<div dir=\"auto\" style=\"text-align: justify;\"><\/div>\n<div dir=\"auto\" style=\"text-align: justify;\"><span>Kao pojedinac ne mogu da vr\u0161im pritisak na institucije i zato bih zamolio da \u0161to vi\u0161e vas podr\u017ei ovu inicijativu. Od veceg broja ljudi ne mogu da okre\u0107u glavu od problema i jednom za sva vremena da o\u010distimo sme\u0107e iz Surduka .<\/span><\/div>\n<div dir=\"auto\" style=\"text-align: justify;\"><\/div>\n<div dir=\"auto\" style=\"text-align: justify;\"><span>Ako mogu da ra\u010dunam na va\u0161u podr\u0161ku i bilo kakvo bolje resenje da imate, slobodno me kontaktirajte putem meila ili na broj telefona.<\/span><\/div>\n<div dir=\"auto\" style=\"text-align: justify;\"><\/div>\n<div dir=\"auto\" style=\"text-align: justify;\">Kao pojedinac sam spreman da dam svoje vrme, energiju da se ovi problemi re\u0161e \u0161to pre.<\/div>\n<div dir=\"auto\" style=\"text-align: justify;\"><\/div>\n<div dir=\"auto\" style=\"text-align: justify;\">Za\u0161to na Dunavu ne bi sadili drve\u0107e,postavili \u00a0klupe za sedenje i u\u017eivanje pored Dunava?<\/div>\n<div dir=\"auto\" style=\"text-align: justify;\"><\/div>\n<div dir=\"auto\" style=\"text-align: justify;\">Nemoj da dozvolimo da nam u uni\u0161te obalu!<\/div>\n<div dir=\"auto\" style=\"text-align: justify;\"><\/div>\n<div dir=\"auto\" style=\"text-align: justify;\">Renovirajmo \u00a0spomenik i sve poglede na Dunav!<\/div>\n<div dir=\"auto\" style=\"text-align: justify;\"><\/div>\n<div dir=\"auto\" style=\"text-align: justify;\">Moramo edukovati kako decu tako i starije!<\/div>\n<div dir=\"auto\" style=\"text-align: justify;\"><\/div>\n<div dir=\"auto\" style=\"text-align: justify;\">Prebrojavanje i \u017eelju za promenom \u0107emo uraditi uskoro <span>kada bude svetski dan \u010di\u0161\u0107enja pod parolom ZAVRNI RUKAVE koja se organizuje svake godine po celoj Srbiji i sve vi\u0161e i vi\u0161e ljudi u\u010destvuje i prijavljuje svoje lokacije za \u010di\u0161\u0107enje.<\/span><\/div>\n<div dir=\"auto\" style=\"text-align: justify;\"><\/div>\n<div dir=\"auto\" style=\"text-align: justify;\"><span>__________________________________________ <\/span><\/div>\n<div dir=\"auto\" style=\"text-align: justify;\"><span>office@surduk.rs<\/span><\/div>\n<div dir=\"auto\" style=\"text-align: justify;\"><span><\/span><\/div>\n<div dir=\"auto\" style=\"text-align: justify;\"><span><\/span><\/div>\n<div dir=\"auto\" style=\"text-align: justify;\"><span><\/span><\/div>\n<div dir=\"auto\" style=\"text-align: justify;\"><span><\/span><\/div>\n<div dir=\"auto\" style=\"text-align: justify;\"><span><\/span><\/div>\n<div dir=\"auto\" style=\"text-align: justify;\"><span><\/span><\/div>\n<div dir=\"auto\" style=\"text-align: justify;\"><\/div>\n<p>[\/et_pb_text][\/et_pb_column][\/et_pb_row][\/et_pb_section]<\/p>\n","protected":false},"excerpt":{"rendered":"<p>Dugo sam razmi\u0161ljao da li da po\u010dnem da se ozbiljno bavim aktivizmom za\u0161tite obale Dunava Surduka.\u00a0 Svedoci smo da priroda sama ne mo\u017ee da se odbrani od ljudi koji svakodnevno nanose \u0161tetu kako obali Dunava tako i samom Dunavu.\u00a0 Za\u0161titimo na\u0161e Dunavsko dvori\u0161te. Kap koja je prelila \u010da\u0161u da odlu\u010dim i da na prvo mesto [&hellip;]<\/p>\n","protected":false},"author":1,"featured_media":0,"parent":0,"menu_order":0,"comment_status":"closed","ping_status":"closed","template":"","meta":{"_et_pb_use_builder":"on","_et_pb_old_content":"","_et_gb_content_width":"","footnotes":""},"class_list":["post-7","page","type-page","status-publish","hentry"],"_links":{"self":[{"href":"https:\/\/surduk.rs\/index.php?rest_route=\/wp\/v2\/pages\/7","targetHints":{"allow":["GET"]}}],"collection":[{"href":"https:\/\/surduk.rs\/index.php?rest_route=\/wp\/v2\/pages"}],"about":[{"href":"https:\/\/surduk.rs\/index.php?rest_route=\/wp\/v2\/types\/page"}],"author":[{"embeddable":true,"href":"https:\/\/surduk.rs\/index.php?rest_route=\/wp\/v2\/users\/1"}],"replies":[{"embeddable":true,"href":"https:\/\/surduk.rs\/index.php?rest_route=%2Fwp%2Fv2%2Fcomments&post=7"}],"version-history":[{"count":14,"href":"https:\/\/surduk.rs\/index.php?rest_route=\/wp\/v2\/pages\/7\/revisions"}],"predecessor-version":[{"id":64,"href":"https:\/\/surduk.rs\/index.php?rest_route=\/wp\/v2\/pages\/7\/revisions\/64"}],"wp:attachment":[{"href":"https:\/\/surduk.rs\/index.php?rest_route=%2Fwp%2Fv2%2Fmedia&parent=7"}],"curies":[{"name":"wp","href":"https:\/\/api.w.org\/{rel}","templated":true}]}}